{"id":6634,"date":"2022-10-14T17:03:07","date_gmt":"2022-10-14T16:03:07","guid":{"rendered":"https:\/\/dev.verae.pt\/demo\/amr5\/?post_type=product&#038;p=6634"},"modified":"2023-03-07T11:03:05","modified_gmt":"2023-03-07T11:03:05","slug":"protetor-colchao-com-saiote","status":"publish","type":"product","link":"https:\/\/www.amr.pt\/store\/produto\/protetor-colchao-com-saiote\/","title":{"rendered":"Protetor Colch\u00e3o com Saiote"},"content":{"rendered":"<p><strong>Especifica\u00e7\u00f5es<\/strong><br \/>\nProtetor ajust\u00e1vel ao colch\u00e3o, tipo capa.<br \/>\nLaminado com poliuretano.<br \/>\nImperme\u00e1vel.<\/p>\n<p><strong>Cuidados<\/strong><br \/>\n<img decoding=\"async\" loading=\"lazy\" class=\"alignnone size-full wp-image-8116\" src=\"https:\/\/www.amr.pt\/store\/wp-content\/uploads\/icons-cuidados-sl1.png\" alt=\"\" width=\"222\" height=\"46\" \/><\/p>\n<p><strong>Origem<\/strong><br \/>\nProduzido em Portugal<\/p>\n","protected":false},"excerpt":{"rendered":"<p>Especifica\u00e7\u00f5es Protetor ajust\u00e1vel ao colch\u00e3o, tipo capa. Laminado com poliuretano. Imperme\u00e1vel. Cuidados Origem Produzido em Portugal<\/p>\n","protected":false},"featured_media":8081,"template":"","meta":[],"product_cat":[417,923,903],"product_tag":[1003],"_links":{"self":[{"href":"https:\/\/www.amr.pt\/store\/wp-json\/wp\/v2\/product\/6634"}],"collection":[{"href":"https:\/\/www.amr.pt\/store\/wp-json\/wp\/v2\/product"}],"about":[{"href":"https:\/\/www.amr.pt\/store\/wp-json\/wp\/v2\/types\/product"}],"wp:featuredmedia":[{"embeddable":true,"href":"https:\/\/www.amr.pt\/store\/wp-json\/wp\/v2\/media\/8081"}],"wp:attachment":[{"href":"https:\/\/www.amr.pt\/store\/wp-json\/wp\/v2\/media?parent=6634"}],"wp:term":[{"taxonomy":"product_cat","embeddable":true,"href":"https:\/\/www.amr.pt\/store\/wp-json\/wp\/v2\/product_cat?post=6634"},{"taxonomy":"product_tag","embeddable":true,"href":"https:\/\/www.amr.pt\/store\/wp-json\/wp\/v2\/product_tag?post=6634"}],"curies":[{"name":"wp","href":"https:\/\/api.w.org\/{rel}","templated":true}]}}