{"id":6613,"date":"2022-10-14T17:37:54","date_gmt":"2022-10-14T16:37:54","guid":{"rendered":"https:\/\/dev.verae.pt\/demo\/amr5\/?post_type=product&#038;p=6613"},"modified":"2025-09-26T12:33:06","modified_gmt":"2025-09-26T11:33:06","slug":"fronha-2-rolinhos","status":"publish","type":"product","link":"https:\/\/www.amr.pt\/store\/produto\/fronha-2-rolinhos\/","title":{"rendered":"Fronha 2 Rolinhos"},"content":{"rendered":"<p><strong>Especifica\u00e7\u00f5es<\/strong><br \/>\nFronha com uma bainha de 5 cm e dois rolinhos brancos; pala interior de 20 cm. Para outras cores contactar <a href=\"mailto:sales@amr.pt\" target=\"_blank\" rel=\"noopener noreferrer\">sales@amr.pt<\/a>.<\/p>\n<p><strong>Cuidados para tecido 100% Algod\u00e3o<\/strong><br \/>\n<img decoding=\"async\" loading=\"lazy\" class=\"alignnone size-full wp-image-8120\" src=\"https:\/\/www.amr.pt\/store\/wp-content\/uploads\/icons-cuidados-sl5.png\" alt=\"\" width=\"222\" height=\"46\" \/><\/p>\n<p><strong>Cuidados para tecido 50% Algod\u00e3o | 50% Poli\u00e9ster<\/strong><br \/>\n<img decoding=\"async\" loading=\"lazy\" class=\"alignnone size-full wp-image-8119\" src=\"https:\/\/www.amr.pt\/store\/wp-content\/uploads\/icons-cuidados-sl4.png\" alt=\"\" width=\"222\" height=\"46\" \/><\/p>\n<p><strong>Origem<\/strong><br \/>\nProduzido em Portugal<\/p>\n","protected":false},"excerpt":{"rendered":"<p>Especifica\u00e7\u00f5es Fronha com uma bainha de 5 cm e dois rolinhos brancos; pala interior de 20 cm. Para outras cores contactar sales@amr.pt. Cuidados para tecido 100% Algod\u00e3o Cuidados para tecido 50% Algod\u00e3o | 50% Poli\u00e9ster&#8230;<\/p>\n","protected":false},"featured_media":8404,"template":"","meta":[],"product_cat":[417,926,893],"product_tag":[1003],"_links":{"self":[{"href":"https:\/\/www.amr.pt\/store\/wp-json\/wp\/v2\/product\/6613"}],"collection":[{"href":"https:\/\/www.amr.pt\/store\/wp-json\/wp\/v2\/product"}],"about":[{"href":"https:\/\/www.amr.pt\/store\/wp-json\/wp\/v2\/types\/product"}],"wp:featuredmedia":[{"embeddable":true,"href":"https:\/\/www.amr.pt\/store\/wp-json\/wp\/v2\/media\/8404"}],"wp:attachment":[{"href":"https:\/\/www.amr.pt\/store\/wp-json\/wp\/v2\/media?parent=6613"}],"wp:term":[{"taxonomy":"product_cat","embeddable":true,"href":"https:\/\/www.amr.pt\/store\/wp-json\/wp\/v2\/product_cat?post=6613"},{"taxonomy":"product_tag","embeddable":true,"href":"https:\/\/www.amr.pt\/store\/wp-json\/wp\/v2\/product_tag?post=6613"}],"curies":[{"name":"wp","href":"https:\/\/api.w.org\/{rel}","templated":true}]}}