{"id":6502,"date":"2022-10-14T17:44:03","date_gmt":"2022-10-14T16:44:03","guid":{"rendered":"https:\/\/dev.verae.pt\/demo\/amr5\/?post_type=product&#038;p=6502"},"modified":"2025-09-26T11:45:46","modified_gmt":"2025-09-26T10:45:46","slug":"saco-de-edredao-1-rolinho-lateral","status":"publish","type":"product","link":"https:\/\/www.amr.pt\/store\/produto\/saco-de-edredao-1-rolinho-lateral\/","title":{"rendered":"Saco de Edred\u00e3o 1 Rolinho Lateral"},"content":{"rendered":"<p><strong>Especifica\u00e7\u00f5es<\/strong><br \/>\nSaco de edred\u00e3o com pala interior de 20 cm. Para outro acabamento, por favor contactar <a href=\"mailto:sales@amr.pt\">sales@amr.pt<\/a>.<br \/>\nUm rolinho branco nas duas laterais do saco de edred\u00e3o. Para outras cores contactar <a href=\"mailto:sales@amr.pt\" target=\"_blank\" rel=\"noopener noreferrer\">sales@amr.pt<\/a>.<\/p>\n<p><strong>Cuidados para tecido 100% Algod\u00e3o<\/strong><br \/>\n<img decoding=\"async\" loading=\"lazy\" class=\"alignnone size-full wp-image-8120\" src=\"https:\/\/www.amr.pt\/store\/wp-content\/uploads\/icons-cuidados-sl5.png\" alt=\"\" width=\"222\" height=\"46\" \/><\/p>\n<p><strong>Cuidados para tecido 50% Algod\u00e3o | 50% Poli\u00e9ster<\/strong><br \/>\n<img decoding=\"async\" loading=\"lazy\" class=\"alignnone size-full wp-image-8119\" src=\"https:\/\/www.amr.pt\/store\/wp-content\/uploads\/icons-cuidados-sl4.png\" alt=\"\" width=\"222\" height=\"46\" \/><\/p>\n<p><strong>Origem<\/strong><br \/>\nProduzido em Portugal<\/p>\n","protected":false},"excerpt":{"rendered":"<p>Especifica\u00e7\u00f5es Saco de edred\u00e3o com pala interior de 20 cm. Para outro acabamento, por favor contactar sales@amr.pt. Um rolinho branco nas duas laterais do saco de edred\u00e3o. Para outras cores contactar sales@amr.pt. Cuidados para tecido&#8230;<\/p>\n","protected":false},"featured_media":8378,"template":"","meta":[],"product_cat":[417,909],"product_tag":[1001],"_links":{"self":[{"href":"https:\/\/www.amr.pt\/store\/wp-json\/wp\/v2\/product\/6502"}],"collection":[{"href":"https:\/\/www.amr.pt\/store\/wp-json\/wp\/v2\/product"}],"about":[{"href":"https:\/\/www.amr.pt\/store\/wp-json\/wp\/v2\/types\/product"}],"wp:featuredmedia":[{"embeddable":true,"href":"https:\/\/www.amr.pt\/store\/wp-json\/wp\/v2\/media\/8378"}],"wp:attachment":[{"href":"https:\/\/www.amr.pt\/store\/wp-json\/wp\/v2\/media?parent=6502"}],"wp:term":[{"taxonomy":"product_cat","embeddable":true,"href":"https:\/\/www.amr.pt\/store\/wp-json\/wp\/v2\/product_cat?post=6502"},{"taxonomy":"product_tag","embeddable":true,"href":"https:\/\/www.amr.pt\/store\/wp-json\/wp\/v2\/product_tag?post=6502"}],"curies":[{"name":"wp","href":"https:\/\/api.w.org\/{rel}","templated":true}]}}