{"id":6293,"date":"2022-10-14T17:01:44","date_gmt":"2022-10-14T16:01:44","guid":{"rendered":"https:\/\/dev.verae.pt\/demo\/amr5\/produto\/protetores-colchao\/"},"modified":"2022-11-04T09:59:42","modified_gmt":"2022-11-04T09:59:42","slug":"protetor-colchao-4-elasticos","status":"publish","type":"product","link":"https:\/\/www.amr.pt\/store\/produto\/protetor-colchao-4-elasticos\/","title":{"rendered":"Protetor Colch\u00e3o de 4 El\u00e1sticos"},"content":{"rendered":"<p><strong>Especifica\u00e7\u00f5es<\/strong><br \/>\nProtetor com quatro el\u00e1sticos nos cantos.<br \/>\nLaminado com poliuretano.<br \/>\nImperme\u00e1vel.<\/p>\n<p><strong>Cuidados<\/strong><br \/>\n<img decoding=\"async\" loading=\"lazy\" class=\"alignnone size-full wp-image-8116\" src=\"https:\/\/www.amr.pt\/store\/wp-content\/uploads\/icons-cuidados-sl1.png\" alt=\"\" width=\"222\" height=\"46\" \/><\/p>\n<p><strong>Origem<\/strong><br \/>\nProduzido em Portugal<\/p>\n","protected":false},"excerpt":{"rendered":"<p>Especifica\u00e7\u00f5es Protetor com quatro el\u00e1sticos nos cantos. Laminado com poliuretano. Imperme\u00e1vel. Cuidados Origem Produzido em Portugal<\/p>\n","protected":false},"featured_media":8083,"template":"","meta":[],"product_cat":[417,923,903],"product_tag":[1003],"_links":{"self":[{"href":"https:\/\/www.amr.pt\/store\/wp-json\/wp\/v2\/product\/6293"}],"collection":[{"href":"https:\/\/www.amr.pt\/store\/wp-json\/wp\/v2\/product"}],"about":[{"href":"https:\/\/www.amr.pt\/store\/wp-json\/wp\/v2\/types\/product"}],"wp:featuredmedia":[{"embeddable":true,"href":"https:\/\/www.amr.pt\/store\/wp-json\/wp\/v2\/media\/8083"}],"wp:attachment":[{"href":"https:\/\/www.amr.pt\/store\/wp-json\/wp\/v2\/media?parent=6293"}],"wp:term":[{"taxonomy":"product_cat","embeddable":true,"href":"https:\/\/www.amr.pt\/store\/wp-json\/wp\/v2\/product_cat?post=6293"},{"taxonomy":"product_tag","embeddable":true,"href":"https:\/\/www.amr.pt\/store\/wp-json\/wp\/v2\/product_tag?post=6293"}],"curies":[{"name":"wp","href":"https:\/\/api.w.org\/{rel}","templated":true}]}}