{"id":6291,"date":"2022-10-14T14:07:44","date_gmt":"2022-10-14T13:07:44","guid":{"rendered":"https:\/\/dev.verae.pt\/demo\/amr5\/produto\/edredoes-2\/"},"modified":"2025-09-26T10:58:16","modified_gmt":"2025-09-26T09:58:16","slug":"edredao-standard","status":"publish","type":"product","link":"https:\/\/www.amr.pt\/store\/produto\/edredao-standard\/","title":{"rendered":"Edred\u00e3o Standard"},"content":{"rendered":"<p><strong>Especifica\u00e7\u00f5es<\/strong><br \/>\nForro: 100% Algod\u00e3o.<br \/>\nEnchimento: 100% Poli\u00e9ster<\/p>\n<p><strong>Cuidados<\/strong><br \/>\n<img decoding=\"async\" loading=\"lazy\" class=\"alignnone size-full wp-image-8117\" src=\"https:\/\/www.amr.pt\/store\/wp-content\/uploads\/icons-cuidados-sl2.png\" alt=\"\" width=\"222\" height=\"46\" \/><\/p>\n<p><strong>Origem<\/strong><br \/>\nProduzido em Portugal<\/p>\n","protected":false},"excerpt":{"rendered":"<p>Especifica\u00e7\u00f5es Forro: 100% Algod\u00e3o. Enchimento: 100% Poli\u00e9ster Cuidados Origem Produzido em Portugal<\/p>\n","protected":false},"featured_media":8108,"template":"","meta":[],"product_cat":[419,891],"product_tag":[1003],"_links":{"self":[{"href":"https:\/\/www.amr.pt\/store\/wp-json\/wp\/v2\/product\/6291"}],"collection":[{"href":"https:\/\/www.amr.pt\/store\/wp-json\/wp\/v2\/product"}],"about":[{"href":"https:\/\/www.amr.pt\/store\/wp-json\/wp\/v2\/types\/product"}],"wp:featuredmedia":[{"embeddable":true,"href":"https:\/\/www.amr.pt\/store\/wp-json\/wp\/v2\/media\/8108"}],"wp:attachment":[{"href":"https:\/\/www.amr.pt\/store\/wp-json\/wp\/v2\/media?parent=6291"}],"wp:term":[{"taxonomy":"product_cat","embeddable":true,"href":"https:\/\/www.amr.pt\/store\/wp-json\/wp\/v2\/product_cat?post=6291"},{"taxonomy":"product_tag","embeddable":true,"href":"https:\/\/www.amr.pt\/store\/wp-json\/wp\/v2\/product_tag?post=6291"}],"curies":[{"name":"wp","href":"https:\/\/api.w.org\/{rel}","templated":true}]}}