{"id":6285,"date":"2022-10-14T17:43:44","date_gmt":"2022-10-14T16:43:44","guid":{"rendered":"https:\/\/dev.verae.pt\/demo\/amr5\/produto\/lencol-de-cima\/"},"modified":"2025-09-26T11:50:33","modified_gmt":"2025-09-26T10:50:33","slug":"lencol-de-cima-standard","status":"publish","type":"product","link":"https:\/\/www.amr.pt\/store\/produto\/lencol-de-cima-standard\/","title":{"rendered":"Len\u00e7ol de Cima Standard"},"content":{"rendered":"<p><strong>Especifica\u00e7\u00f5es<\/strong><br \/>\nLen\u00e7ol com bainha de 5 cm no topo.<\/p>\n<p><strong>Cuidados para tecido 100% Algod\u00e3o<\/strong><br \/>\n<img decoding=\"async\" loading=\"lazy\" class=\"alignnone size-full wp-image-8120\" src=\"https:\/\/www.amr.pt\/store\/wp-content\/uploads\/icons-cuidados-sl5.png\" alt=\"\" width=\"222\" height=\"46\" \/><\/p>\n<p><strong>Cuidados para tecido 50% Algod\u00e3o | 50% Poli\u00e9ster<\/strong><br \/>\n<img decoding=\"async\" loading=\"lazy\" class=\"alignnone size-full wp-image-8119\" src=\"https:\/\/www.amr.pt\/store\/wp-content\/uploads\/icons-cuidados-sl4.png\" alt=\"\" width=\"222\" height=\"46\" \/><\/p>\n<p><strong>Origem<\/strong><br \/>\nProduzido em Portugal<\/p>\n","protected":false},"excerpt":{"rendered":"<p>Especifica\u00e7\u00f5es Len\u00e7ol com bainha de 5 cm no topo. Cuidados para tecido 100% Algod\u00e3o Cuidados para tecido 50% Algod\u00e3o | 50% Poli\u00e9ster Origem Produzido em Portugal<\/p>\n","protected":false},"featured_media":8059,"template":"","meta":[],"product_cat":[417,899],"product_tag":[1001],"_links":{"self":[{"href":"https:\/\/www.amr.pt\/store\/wp-json\/wp\/v2\/product\/6285"}],"collection":[{"href":"https:\/\/www.amr.pt\/store\/wp-json\/wp\/v2\/product"}],"about":[{"href":"https:\/\/www.amr.pt\/store\/wp-json\/wp\/v2\/types\/product"}],"wp:featuredmedia":[{"embeddable":true,"href":"https:\/\/www.amr.pt\/store\/wp-json\/wp\/v2\/media\/8059"}],"wp:attachment":[{"href":"https:\/\/www.amr.pt\/store\/wp-json\/wp\/v2\/media?parent=6285"}],"wp:term":[{"taxonomy":"product_cat","embeddable":true,"href":"https:\/\/www.amr.pt\/store\/wp-json\/wp\/v2\/product_cat?post=6285"},{"taxonomy":"product_tag","embeddable":true,"href":"https:\/\/www.amr.pt\/store\/wp-json\/wp\/v2\/product_tag?post=6285"}],"curies":[{"name":"wp","href":"https:\/\/api.w.org\/{rel}","templated":true}]}}