{"id":26,"date":"2021-10-08T14:33:25","date_gmt":"2021-10-08T13:33:25","guid":{"rendered":"https:\/\/dev.verae.pt\/demo\/amr2\/?page_id=26"},"modified":"2025-09-08T10:03:20","modified_gmt":"2025-09-08T09:03:20","slug":"termos-e-condicoes","status":"publish","type":"page","link":"https:\/\/www.amr.pt\/store\/termos-e-condicoes\/","title":{"rendered":"Termos e Condi\u00e7\u00f5es"},"content":{"rendered":"<p>A loja online <strong>PORTUGAL HOTEL<\/strong>, no endere\u00e7o <a href=\"http:\/\/www.amr.pt\/store\">www.amr.pt\/store<\/a> \u00e9 propriedade de:<\/p>\n<p><strong>Designa\u00e7\u00e3o Social:<\/strong> AMR \u2013 Ind\u00fastrias T\u00eaxteis, Lda.<\/p>\n<p><strong>NIPC:<\/strong> 505207222<\/p>\n<p><strong>Morada:<\/strong> Avenida General Norton de Matos, Edif\u00edcio Proa \u2013 Loja 7, 4450-208 Matosinhos<\/p>\n<p><strong>Telefone:<\/strong> +351 220 920 830 (Chamada para a rede fixa nacional)<\/p>\n<p><strong>E-mail:<\/strong> <a href=\"mailto:sales@amr.pt\">sales@amr.pt<\/a><\/p>\n<p>&nbsp;<\/p>\n<p>Pode contactar a loja <strong>PORTUGAL HOTEL<\/strong> atrav\u00e9s dos seguintes meios:<\/p>\n<ul>\n<li>Por carta, ao cuidado da Ger\u00eancia, para o endere\u00e7o: AMR \u2013 Ind\u00fastrias T\u00eaxteis, Lda., Avenida General Norton de Matos, Edif\u00edcio Proa \u2013 Loja 7, 4450-208 Matosinhos;<\/li>\n<li>Por e-mail, para o endere\u00e7o <a href=\"mailto:sales@amr.pt\">sales@amr.pt<\/a>;<\/li>\n<li>Por telefone, para o n\u00famero +351 220 920 830 (Chamada para a rede fixa nacional);<\/li>\n<li>Pelo formul\u00e1rio de contacto disponibilizado no s\u00edtio de internet <a href=\"http:\/\/www.amr.pt\/\">amr.pt,<\/a> na p\u00e1gina \u201cContactos\u201d.<\/li>\n<\/ul>\n<p>&nbsp;<\/p>\n<p>A loja <strong>PORTUGAL HOTEL<\/strong> atua no mercado dos t\u00eaxteis-lar, dedicando-se \u00e0 venda online, <strong><u>exclusivamente a profissionais<\/u><\/strong>, de produtos de cama, de banho, e de mesa.<\/p>\n<p>A aquisi\u00e7\u00e3o dos produtos comercializados na loja online <strong>PORTUGAL HOTEL<\/strong> pressup\u00f5e a aceita\u00e7\u00e3o dos presentes Termos &amp; Condi\u00e7\u00f5es.<\/p>\n<p>Agradecemos que leia atentamente estes Termos &amp; Condi\u00e7\u00f5es antes de navegar na loja online. Ao utilizar este site, est\u00e1 autom\u00e1tica e expressamente a concordar com os Termos &amp; Condi\u00e7\u00f5es. Quaisquer novos recursos ou ferramentas que sejam adicionados \u00e0 loja atual tamb\u00e9m estar\u00e3o sujeitos aos presentes Termos &amp; Condi\u00e7\u00f5es. Pode rever a vers\u00e3o mais atual dos Termos &amp; Condi\u00e7\u00f5es a qualquer momento nesta p\u00e1gina. \u00c9 da sua inteira responsabilidade verifica\u00e7\u00e3o peri\u00f3dica desta p\u00e1gina quanto a altera\u00e7\u00f5es.<\/p>\n<p>A AMR n\u00e3o se responsabiliza por qualquer dano causado pelo uso ou incapacidade de aceder \u00e0 loja online <strong>PORTUGAL HOTEL<\/strong>.<\/p>\n<p>&nbsp;<\/p>\n<p><strong>Condi\u00e7\u00f5es de utiliza\u00e7\u00e3o<\/strong><\/p>\n<p>O utilizador compromete-se a utilizar este website em cumprimento com o disposto na lei, abstendo-se de toda e qualquer atividade que atente a lei, moral e bons costumes ou direitos de terceiros.<\/p>\n<p>&nbsp;<\/p>\n<p><strong>Altera\u00e7\u00e3o dos Termos &amp; Condi\u00e7\u00f5es<\/strong><\/p>\n<p>A AMR poder\u00e1, a qualquer altura e sem aviso pr\u00e9vio, modificar as presentes condi\u00e7\u00f5es ou introduzir novas condi\u00e7\u00f5es mediante a respetiva publica\u00e7\u00e3o no endere\u00e7o <a href=\"https:\/\/www.amr.pt\/store\/termos-e-condicoes\/\">https:\/\/www.amr.pt\/store\/termos-e-condicoes\/.<\/a><\/p>\n<p>Realizadas as altera\u00e7\u00f5es, a valida\u00e7\u00e3o do pedido de encomenda significar\u00e1 a aceita\u00e7\u00e3o por parte do Cliente das condi\u00e7\u00f5es modificadas.<\/p>\n<p>O uso continuado ou acesso \u00e0 loja online ap\u00f3s a publica\u00e7\u00e3o de quaisquer altera\u00e7\u00f5es constitui aceita\u00e7\u00e3o dessas altera\u00e7\u00f5es.<\/p>\n<p>&nbsp;<\/p>\n<p><strong>Vendas exclusivas a Profissionais<\/strong><\/p>\n<p>A Loja PORTUGAL HOTEL destina-se \u00fanica e exclusivamente \u00e0 venda de bens a Profissionais.<\/p>\n<p>&nbsp;<\/p>\n<p><strong>Apoio a Cliente<\/strong><\/p>\n<p>A loja PORTUGAL HOTEL est\u00e1 dispon\u00edvel para responder qualquer quest\u00e3o atrav\u00e9s do endere\u00e7o de email <a href=\"mailto:sales@amr.pt\">sales@amr.pt<\/a> .<\/p>\n<p>&nbsp;<\/p>\n<p><strong>Registo de cliente<\/strong><\/p>\n<p>Para que o comprador possa aceder ao site e adquirir produtos ser\u00e1 necess\u00e1rio efetuar o registo no site, em campo pr\u00f3prio, sendo necess\u00e1rio fornecer:<\/p>\n<ul>\n<li>Nome ou designa\u00e7\u00e3o social;<\/li>\n<li>NIF ou NIPC;<\/li>\n<li>Morada;<\/li>\n<li>Contacto telef\u00f3nico;<\/li>\n<li>Email.<\/li>\n<\/ul>\n<p>&nbsp;<\/p>\n<p>Em algumas situa\u00e7\u00f5es, poder\u00e1 ser solicitado ao utilizador o envio de um comprovativo de exerc\u00edcio de atividade.<\/p>\n<p><u>O comprovativo de exerc\u00edcio de atividade poder\u00e1 ser<\/u>:<\/p>\n<ul>\n<li>Declara\u00e7\u00e3o de in\u00edcio de atividade emitida pela Autoridade Tribut\u00e1ria com indica\u00e7\u00e3o do CAE;<\/li>\n<li>Cart\u00e3o da Empresa \/ Pessoa Coletiva;<\/li>\n<\/ul>\n<p>&nbsp;<\/p>\n<p>Ap\u00f3s a conclus\u00e3o do registo e\/ou da rece\u00e7\u00e3o de documenta\u00e7\u00e3o solicitada, a Loja <strong>PORTUGAL HOTEL<\/strong> compromete-se a dar o acesso \u00e0 \u00e1rea de cliente no prazo m\u00e1ximo de 2 (dois) dias \u00fateis.<\/p>\n<p>&nbsp;<\/p>\n<p><strong>\u00c1rea de Cliente<\/strong><\/p>\n<p>A partir do momento em que o cliente tenha acesso \u00e0 \u00c1rea (reservada) de Cliente estar\u00e3o dispon\u00edveis:<\/p>\n<ul>\n<li>Os produtos acompanhados do respetivo pre\u00e7o;<\/li>\n<li>As quantidades m\u00ednimas a vender;<\/li>\n<li>As especifica\u00e7\u00f5es dos produtos.<\/li>\n<\/ul>\n<p>&nbsp;<\/p>\n<p><strong>Pre\u00e7os<\/strong><\/p>\n<p>Os pre\u00e7os dos produtos apenas estar\u00e3o dispon\u00edveis na \u00c1rea de Cliente, estando todos indicados em euros (\u20ac), acrescendo o IVA \u00e0 taxa legal aplic\u00e1vel em Portugal Continental.<\/p>\n<p>Os pre\u00e7os indicados n\u00e3o incluem IVA nem o montante relativo a portes de envio.<\/p>\n<p>&nbsp;<\/p>\n<p><strong>Promo\u00e7\u00f5es<\/strong><\/p>\n<p>Todas as campanhas promocionais t\u00eam stock limitado.<\/p>\n<p>Sempre que exista uma campanha em vigor na loja <strong>PORTUGAL HOTEL<\/strong>, as suas condi\u00e7\u00f5es especificas ser\u00e3o devidamente detalhadas na p\u00e1gina da respetiva campanha.<\/p>\n<p>&nbsp;<\/p>\n<p><strong>Stocks<\/strong><\/p>\n<p>Na \u00c1rea de Cliente estar\u00e1 vis\u00edvel para cada produto a sua disponibilidade em stock.<\/p>\n<p>Caso o produto se encontre esgotado, ainda que o mesmo se encontre vis\u00edvel n\u00e3o ser\u00e1 poss\u00edvel ao cliente efetuar a encomenda.<\/p>\n<p>Se, por quebra de stock, n\u00e3o for poss\u00edvel satisfazer a encomenda realizada, o montante pago pelo Cliente ser\u00e1 devolvido por transfer\u00eancia banc\u00e1ria, para o IBAN indicado pelo Cliente, no prazo m\u00e1ximo de 5 dias \u00fateis, a contar da data do conhecimento da indisponibilidade do bem.<\/p>\n<p>A data do conhecimento da indisponibilidade do bem ser\u00e1 no prazo m\u00e1ximo de 3 (tr\u00eas) dias \u00fateis.<\/p>\n<p>&nbsp;<\/p>\n<p><strong>Especifica\u00e7\u00f5es e Personaliza\u00e7\u00f5es<\/strong><\/p>\n<p>Na Loja Online PORTUGAL HOTEL apenas est\u00e3o dispon\u00edveis os produtos padr\u00f5es vendidos.<\/p>\n<p>Qualquer especifica\u00e7\u00e3o ou personaliza\u00e7\u00e3o poder\u00e1 ser requerida pelo Cliente atrav\u00e9s do endere\u00e7o de email <a href=\"mailto:sales@amr.pt\">sales@amr.pt.<\/a><\/p>\n<p>&nbsp;<\/p>\n<p><strong>Encomenda<\/strong><\/p>\n<p>A encomenda s\u00f3 pode ser realizada a partir da \u00c1rea de Cliente estando assim restrita a Clientes Profissionais registados.<\/p>\n<p>S\u00f3 ser\u00e1 poss\u00edvel efetuar a encomenda se a morada de entrega se situar em Portugal. A encomenda s\u00f3 ser\u00e1 aceite ap\u00f3s o preenchimento completo e correto dos dados solicitados.<\/p>\n<p>Ap\u00f3s a finaliza\u00e7\u00e3o da encomenda ser\u00e1 enviado um email de confirma\u00e7\u00e3o com a indica\u00e7\u00e3o dos dados de fatura\u00e7\u00e3o e pagamento.<\/p>\n<p>O email ser\u00e1 enviado para o endere\u00e7o de email registado na \u00c1rea de Cliente.<\/p>\n<p>&nbsp;<\/p>\n<p><strong>Pagamento<\/strong><\/p>\n<p>O valor final da encomenda estar\u00e1 dispon\u00edvel na p\u00e1gina \u201cFinalizar Compras\u201d.<\/p>\n<p>&nbsp;<\/p>\n<p>Ser\u00e1 poss\u00edvel efetuar o pagamento por:<\/p>\n<p><u>Transfer\u00eancia Banc\u00e1ria<\/u> atrav\u00e9s do IBAN a ser indicado quando escolhida esta hip\u00f3tese;<\/p>\n<p><u>Refer\u00eancia Multibanco<\/u>;<\/p>\n<p><u>MBWAY<\/u>;<\/p>\n<p><u>Paypal<\/u>.<\/p>\n<p>&nbsp;<\/p>\n<p>Realizado o pagamento a Loja PORTUGAL HOTEL solicita que seja enviado o comprovativo de pagamento para o email <a href=\"mailto:sales@amr.pt\">sales@amr.pt.<\/a><\/p>\n<p>A encomenda fica a aguardar pagamento durante o prazo <u>m\u00e1ximo de 2 (dois) dias<\/u>. Findo este prazo, sem que o pagamento tenha sido recebido, a encomenda \u00e9 cancelada pelos nossos servi\u00e7os.<\/p>\n<p>&nbsp;<\/p>\n<p><strong>Fatura\u00e7\u00e3o<\/strong><\/p>\n<p>A Fatura ser\u00e1 emitida sempre no NIF\/ NIPC constante da inscri\u00e7\u00e3o do cliente na Loja <strong>PORTUGAL HOTEL<\/strong>, sendo enviada para a morada pelo Cliente indicada aquando da escolha de morada de envio.<\/p>\n<p>Poder\u00e1 ser indicada morada de envio e de fatura\u00e7\u00e3o diferentes, devendo, nesse caso indicar no campo pr\u00f3prio inequivocamente a pretens\u00e3o.<\/p>\n<p>&nbsp;<\/p>\n<p><strong>Modalidades de Envio<\/strong><\/p>\n<p>As encomendas ser\u00e3o enviadas atrav\u00e9s de transportadora, sendo que o montante relativo aos portes de envio ser\u00e1 calculado com base no peso real ou volum\u00e9trico da encomenda (dependendo do que for mais elevado).<\/p>\n<p>N\u00e3o s\u00e3o aceites encomendas para entrega em apartados.<\/p>\n<p>Apenas ser\u00e3o aceites encomendas com morada de entrega em Portugal.<\/p>\n<p>Ap\u00f3s o envio, ser\u00e1 enviado, via email, o c\u00f3digo do registo da encomenda para que o Cliente possa realizar o seguimento da mesma.<\/p>\n<p>No momento de entrega, o Cliente deve verificar se a embalagem est\u00e1 conforme ou apresenta danos. Se verificar danos, dever\u00e1 indic\u00e1-lo, de forma escrita, na prova de entrega do transportador.<\/p>\n<p>A Loja <strong>PORTUGAL HOTEL<\/strong> n\u00e3o se responsabiliza por danos e\/ou perdas n\u00e3o identificadas aquando da entrega e decorrentes do transporte da encomenda.<\/p>\n<p>&nbsp;<\/p>\n<p><strong>Levantamento em Loja<\/strong><\/p>\n<p>No campo de escolha da entrega poder\u00e1 o Cliente optar pelo levantamento em loja da sua encomenda na morada:<\/p>\n<p>Avenida General Norton de Matos, n.\u00ba 1336<\/p>\n<p>Edif\u00edcio Proa, Loja 7<\/p>\n<p>4450-208 Matosinhos<\/p>\n<p>Dias \u00fateis das 09h \u00e0s 13h e das 14h \u00e0s 18h.<\/p>\n<p><strong>Cancelamento da Encomenda<\/strong><\/p>\n<p><u>Pela loja <strong>PORTUGAL HOTEL<\/strong><\/u><\/p>\n<p>A Loja <strong>PORTUGAL HOTEL<\/strong> reserva o direito de n\u00e3o processar encomendas caso as mesmas se encontrem incompletas ou incorretas, ou ainda se o produto j\u00e1 n\u00e3o se encontrar dispon\u00edvel. O mesmo aplica-se em caso de suspeita de fraude. O Cliente ser\u00e1 informado via email do cancelamento e, se for o caso, reembolsado do montante pago no prazo m\u00e1ximo de 5 dias \u00fateis a contar da data da notifica\u00e7\u00e3o do cancelamento.<\/p>\n<p>&nbsp;<\/p>\n<p>A Loja <strong>PORTUGAL HOTEL<\/strong> reserva, ainda, o direito de cancelar quaisquer encomendas, mesmo que conclu\u00eddas com sucesso e fica isenta de responsabilidade por quaisquer danos ou custos, caso se verifique alguma das seguintes situa\u00e7\u00f5es:<\/p>\n<ul>\n<li>Pagamento da encomenda n\u00e3o rececionado (at\u00e9 2 dias ap\u00f3s encomenda);<\/li>\n<li>Entrega de encomenda n\u00e3o conseguida na morada indicada para envio.<\/li>\n<\/ul>\n<p>&nbsp;<\/p>\n<p><u>Pelo Cliente<\/u><\/p>\n<p>O Cliente pode cancelar a sua encomenda, no prazo m\u00e1ximo de 2 (dois) dias a contar da data da conclus\u00e3o do pedido e desde que a mesma ainda n\u00e3o tenha sido expedida. Para tanto, dever\u00e1 manifestar essa vontade atrav\u00e9s do envio de um email para o endere\u00e7o <a href=\"mailto:sales@amr.pt\">sales@amr.pt,<\/a> anexando ou reencaminhando o email de confirma\u00e7\u00e3o da encomenda.<\/p>\n<p>&nbsp;<\/p>\n<p><strong>Prazos de Entrega<\/strong><\/p>\n<p>O envio das encomendas ser\u00e1 no prazo m\u00e1ximo de 15 dias ap\u00f3s o recebimento do respetivo pagamento.<\/p>\n<p>O prazo de entrega corresponde \u00e0 data de entrega da encomenda \u00e0 transportadora.<\/p>\n<p>A Loja <strong>PORTUGAL HOTEL<\/strong> n\u00e3o se responsabiliza por atrasos e n\u00e3o cumprimento contratual decorrentes do servi\u00e7o prestado pelos servi\u00e7os postais, meios de transporte ou de comunica\u00e7\u00e3o justificados por acontecimentos alheios a si.<\/p>\n<p>&nbsp;<\/p>\n<p><strong>Garantia<\/strong><\/p>\n<p>A Loja <strong>PORTUGAL HOTEL<\/strong> apenas vende os seus produtos a Profissionais sendo a garantia dos seus produtos de 6 (seis) meses.<\/p>\n<p>&nbsp;<\/p>\n<p><strong>Substitui\u00e7\u00e3o<\/strong><\/p>\n<p>A Loja <strong>PORTUGAL HOTEL<\/strong> apenas substituir\u00e1 os Produtos adquiridos pelo Cliente em caso de defeito no produto.<\/p>\n<p>A Den\u00fancia do defeito, em caso de defeito aparente, ter\u00e1 de ser realizada no prazo m\u00e1ximo de 30 (trinta) dias a contar do recebimento do produto e, desde que o mesmo nunca tenha sido usado.<\/p>\n<p>Caso os produtos objeto da substitui\u00e7\u00e3o por defeito detenham sinais de uso, transforma\u00e7\u00e3o, lavagem, sujidade ou outro de natureza similar, a Loja <strong>PORTUGAL HOTEL<\/strong> reserva o direito de n\u00e3o proceder \u00e0 troca do produto.<\/p>\n<p>No caso de o produto apresentar algum problema nos 6 (seis) meses de garantia a Loja <strong>PORTUGAL HOTEL<\/strong> analisar\u00e1 o mesmo e, confirmando-se a exist\u00eancia de defeito ser\u00e1 o produto reparado ou substitu\u00eddo por igual ou, caso j\u00e1 tenha sido descontinuado, por equivalente.<\/p>\n<p>&nbsp;<\/p>\n<p>Fora dos casos previstos a Loja <strong>PORTUGAL HOTEL<\/strong> n\u00e3o aceita qualquer troca ou devolu\u00e7\u00e3o.<\/p>\n<p>&nbsp;<\/p>\n<p><strong>Normas de Utiliza\u00e7\u00e3o<\/strong><\/p>\n<p>A Loja <strong>PORTUGAL HOTEL<\/strong> n\u00e3o se responsabiliza por qualquer problema com os produtos comprados decorrente de mau uso ou do n\u00e3o cumprimento das instru\u00e7\u00f5es e\/ou das normas de manuseamento, tratamento e lavagem contidas nas etiquetas que acompanham os produtos.<\/p>\n<p>&nbsp;<\/p>\n<p>Acesso \u00e0 loja <strong>PORTUGAL HOTEL<\/strong><\/p>\n<p>O acesso a toda ou parte da p\u00e1gina <a href=\"\/store\">www.amr.pt\/store<\/a> poder\u00e1 ser suspenso mediante simples decis\u00e3o da AMR (propriet\u00e1ria da Loja online), em caso de for\u00e7a maior, de dificuldades inform\u00e1ticas ou t\u00e9cnicas, de dificuldades associadas \u00e0 estrutura das redes de telecomunica\u00e7\u00f5es, de bloqueio das redes de telecomunica\u00e7\u00f5es, de greve, de estado de emerg\u00eancia nacional ou local, de intemp\u00e9ries, n\u00e3o sendo, esta lista, exaustiva.<\/p>\n<p>Da mesma forma, o acesso \u00e0 p\u00e1gina poder\u00e1 ser interrompido a qualquer momento sem aviso pr\u00e9vio por motivos de manuten\u00e7\u00e3o.<\/p>\n<p>A p\u00e1gina ser\u00e1 suscet\u00edvel a modifica\u00e7\u00f5es e evolu\u00e7\u00f5es incluindo ao n\u00edvel das funcionalidades a qualquer momento e sem notifica\u00e7\u00e3o pr\u00e9via de nenhum tipo e sem que o utilizador possa invocar qualquer tipo de preju\u00edzo.<\/p>\n<p>&nbsp;<\/p>\n<p><strong>Propriedade intelectual e industrial<\/strong><\/p>\n<p>A utiliza\u00e7\u00e3o ou reprodu\u00e7\u00e3o, por qualquer forma, dos conte\u00fados desta loja online s\u00e3o expressamente proibidos sem pr\u00e9via autoriza\u00e7\u00e3o escrita da AMR, propriet\u00e1ria da Loja <strong>PORTUGAL HOTEL<\/strong>.<\/p>\n<p>&nbsp;<\/p>\n<p><strong>Lei e Foro<\/strong><\/p>\n<p>As condi\u00e7\u00f5es descritas acima, regem-se pela Lei Portuguesa.<\/p>\n<p>A resolu\u00e7\u00e3o de qualquer lit\u00edgio ficar\u00e1 a cargo da lei e tribunais portugueses, com ren\u00fancia expressa a quaisquer outros.<\/p>\n<p>&nbsp;<\/p>\n<p><strong>Sugest\u00f5es, Elogios e Reclama\u00e7\u00f5es<\/strong><\/p>\n<p>Sempre que desejar apresentar uma sugest\u00e3o, elogio ou reclama\u00e7\u00e3o poder\u00e1 faz\u00ea-lo utilizando os diferentes meios de contacto disponibilizados nomeadamente via telefone, e-mail, formul\u00e1rio de contacto, Facebook ou Instagram.<\/p>\n<p>No que se refere aos Elogios e Reclama\u00e7\u00f5es, os mesmos tamb\u00e9m poder\u00e3o ser realizados via Livro de Reclama\u00e7\u00f5es Eletr\u00f3nico, cujo link direto \u00e9 disponibilizado no rodap\u00e9 desta loja online.<\/p>\n<p>&nbsp;<\/p>\n<p><strong>Confidencialidade e Prote\u00e7\u00e3o de Dados<\/strong><\/p>\n<p>Consulte, por favor, a nossa <a href=\"https:\/\/www.amr.pt\/contactos\/politica-privacidade\/\">Pol\u00edtica de Privacidade<\/a>.<\/p>\n","protected":false},"excerpt":{"rendered":"<p>A loja online PORTUGAL HOTEL, no endere\u00e7o www.amr.pt\/store \u00e9 propriedade de: Designa\u00e7\u00e3o Social: AMR \u2013 Ind\u00fastrias T\u00eaxteis, Lda. NIPC: 505207222 Morada: Avenida General Norton de Matos, Edif\u00edcio Proa \u2013 Loja 7, 4450-208 Matosinhos Telefone: +351&#8230;<\/p>\n","protected":false},"author":1,"featured_media":0,"parent":0,"menu_order":1,"comment_status":"closed","ping_status":"closed","template":"","meta":[],"_links":{"self":[{"href":"https:\/\/www.amr.pt\/store\/wp-json\/wp\/v2\/pages\/26"}],"collection":[{"href":"https:\/\/www.amr.pt\/store\/wp-json\/wp\/v2\/pages"}],"about":[{"href":"https:\/\/www.amr.pt\/store\/wp-json\/wp\/v2\/types\/page"}],"author":[{"embeddable":true,"href":"https:\/\/www.amr.pt\/store\/wp-json\/wp\/v2\/users\/1"}],"replies":[{"embeddable":true,"href":"https:\/\/www.amr.pt\/store\/wp-json\/wp\/v2\/comments?post=26"}],"version-history":[{"count":11,"href":"https:\/\/www.amr.pt\/store\/wp-json\/wp\/v2\/pages\/26\/revisions"}],"predecessor-version":[{"id":9889,"href":"https:\/\/www.amr.pt\/store\/wp-json\/wp\/v2\/pages\/26\/revisions\/9889"}],"wp:attachment":[{"href":"https:\/\/www.amr.pt\/store\/wp-json\/wp\/v2\/media?parent=26"}],"curies":[{"name":"wp","href":"https:\/\/api.w.org\/{rel}","templated":true}]}}